{"id":566,"date":"2024-05-20T22:18:27","date_gmt":"2024-05-20T20:18:27","guid":{"rendered":"https:\/\/puppy-care.fr\/?page_id=566"},"modified":"2024-05-20T22:23:27","modified_gmt":"2024-05-20T20:23:27","slug":"tarifs-chats","status":"publish","type":"page","link":"https:\/\/puppy-care.fr\/index.php\/tarifs-chats\/","title":{"rendered":"TARIFS CHATS"},"content":{"rendered":"\n<div class=\"wp-block-group alignfull is-layout-flow wp-block-group-is-layout-flow\" style=\"margin-top:0px;margin-bottom:0px;padding-top:0;padding-right:var(--wp--preset--spacing--20);padding-bottom:0;padding-left:var(--wp--preset--spacing--20)\">\n<div class=\"wp-block-group is-layout-constrained wp-block-group-is-layout-constrained\">\n<div class=\"wp-block-cover alignfull is-light\"><span aria-hidden=\"true\" class=\"wp-block-cover__background has-background-dim\" style=\"background-color:#a48f7d\"><\/span><img fetchpriority=\"high\" decoding=\"async\" width=\"2560\" height=\"1280\" class=\"wp-block-cover__image-background wp-image-422\" alt=\"\" src=\"http:\/\/puppy-care.fr\/wp-content\/uploads\/2024\/05\/Design-sans-titre-7.png\" data-object-fit=\"cover\" srcset=\"https:\/\/puppy-care.fr\/wp-content\/uploads\/2024\/05\/Design-sans-titre-7.png 2560w, https:\/\/puppy-care.fr\/wp-content\/uploads\/2024\/05\/Design-sans-titre-7-300x150.png 300w, https:\/\/puppy-care.fr\/wp-content\/uploads\/2024\/05\/Design-sans-titre-7-1024x512.png 1024w, https:\/\/puppy-care.fr\/wp-content\/uploads\/2024\/05\/Design-sans-titre-7-768x384.png 768w, https:\/\/puppy-care.fr\/wp-content\/uploads\/2024\/05\/Design-sans-titre-7-1536x768.png 1536w, https:\/\/puppy-care.fr\/wp-content\/uploads\/2024\/05\/Design-sans-titre-7-2048x1024.png 2048w\" sizes=\"(max-width: 2560px) 100vw, 2560px\" \/><div class=\"wp-block-cover__inner-container is-layout-constrained wp-block-cover-is-layout-constrained\">\n<p class=\"has-text-align-center has-white-color has-text-color has-link-color has-huge-font-size wp-elements-10f3ebdb39e3a3ab287eb6f260e0f607\" style=\"font-style:normal;font-weight:600\">PREVISITE OFFERTE<\/p>\n\n\n\n<div class=\"wp-block-buttons is-content-justification-center is-layout-flex wp-container-core-buttons-is-layout-5b5683f2 wp-block-buttons-is-layout-flex\">\n<div class=\"wp-block-button is-style-fill\"><a class=\"wp-block-button__link has-custom-couleur-3-background-color has-background has-text-align-center wp-element-button\" href=\"https:\/\/puppy-care.fr\/index.php\/mon-processus-de-previsite\/\">En savoir plus<\/a><\/div>\n<\/div>\n<\/div><\/div>\n<\/div>\n<\/div>\n\n\n\n<div class=\"wp-block-group alignfull is-layout-constrained wp-container-core-group-is-layout-1ee8cfa1 wp-block-group-is-layout-constrained\" style=\"margin-top:0;margin-bottom:0;padding-top:var(--wp--preset--spacing--80);padding-right:var(--wp--preset--spacing--40);padding-bottom:var(--wp--preset--spacing--80);padding-left:var(--wp--preset--spacing--40)\">\n<hr class=\"wp-block-separator has-text-color has-custom-couleur-1-color has-alpha-channel-opacity has-custom-couleur-1-background-color has-background is-style-wide\" style=\"margin-top:var(--wp--preset--spacing--20);margin-bottom:var(--wp--preset--spacing--20)\"\/>\n\n\n\n<div class=\"wp-block-group alignfull is-layout-flow wp-container-core-group-is-layout-00d3320f wp-block-group-is-layout-flow\" style=\"margin-top:0;margin-bottom:0;padding-top:var(--wp--preset--spacing--80);padding-right:var(--wp--preset--spacing--40);padding-bottom:var(--wp--preset--spacing--80);padding-left:var(--wp--preset--spacing--40)\">\n<div class=\"wp-block-group alignwide is-layout-flow wp-block-group-is-layout-flow\">\n<div class=\"wp-block-columns is-layout-flex wp-container-core-columns-is-layout-28f84493 wp-block-columns-is-layout-flex\">\n<div class=\"wp-block-column is-vertically-aligned-center is-layout-flow wp-block-column-is-layout-flow\">\n<div class=\"wp-block-group is-layout-constrained wp-container-core-group-is-layout-4c9bdec8 wp-block-group-is-layout-constrained\" style=\"border-radius:5px;padding-top:0;padding-right:0;padding-bottom:0;padding-left:0\">\n<h2 class=\"wp-block-heading has-text-align-center\">TARIFS VISITES<\/h2>\n\n\n\n<p class=\"has-text-align-left\">Je me d\u00e9place chez vous pour m&rsquo;occuper de vos animaux, en veillant \u00e0 leur bien-\u00eatre, leur alimentation et leur amusement avec beaucoup d&rsquo;attention et de tendresse.<\/p>\n\n\n\n<p class=\"has-raft-bg-alt-background-color has-background has-small-font-size\">Si plus de 2 animaux -&gt; 3\u20ac\/animaux<\/p>\n\n\n\n<p class=\"has-text-align-center\" style=\"font-style:normal;font-weight:900\">LA DIXIEME OFFERTE<\/p>\n<\/div>\n<\/div>\n\n\n\n<div class=\"wp-block-column has-raft-bg-alt-background-color has-background is-layout-flow wp-block-column-is-layout-flow\">\n<div class=\"wp-block-group has-custom-couleur-2-background-color has-background is-layout-constrained wp-container-core-group-is-layout-ba3d759a wp-block-group-is-layout-constrained\" style=\"padding-top:var(--wp--preset--spacing--50);padding-right:var(--wp--preset--spacing--50);padding-bottom:var(--wp--preset--spacing--50);padding-left:var(--wp--preset--spacing--50)\">\n<div style=\"height:16px;width:0px\" aria-hidden=\"true\" class=\"wp-block-spacer\"><\/div>\n\n\n\n<p class=\"has-text-align-center has-raft-bg-alt-background-color has-background has-normal-font-size\">15 min <strong> 9\u20ac<\/strong><\/p>\n\n\n\n<hr class=\"wp-block-separator has-alpha-channel-opacity is-style-wide\" style=\"margin-top:var(--wp--preset--spacing--30);margin-bottom:var(--wp--preset--spacing--30)\"\/>\n\n\n\n<p class=\"has-text-align-center has-raft-bg-alt-background-color has-background has-normal-font-size\">30 min <strong> 13\u20ac<\/strong><\/p>\n\n\n\n<hr class=\"wp-block-separator has-alpha-channel-opacity is-style-wide\" style=\"margin-top:var(--wp--preset--spacing--30);margin-bottom:var(--wp--preset--spacing--30)\"\/>\n\n\n\n<p class=\"has-text-align-center has-raft-bg-alt-background-color has-background has-normal-font-size\">1h <strong> 20\u20ac<\/strong><\/p>\n\n\n\n<div style=\"height:16px;width:0px\" aria-hidden=\"true\" class=\"wp-block-spacer\"><\/div>\n\n\n\n<div class=\"wp-block-buttons is-content-justification-space-between is-layout-flex wp-container-core-buttons-is-layout-b2891da8 wp-block-buttons-is-layout-flex\">\n<div class=\"wp-block-button has-custom-width wp-block-button__width-100 is-style-fill\"><a class=\"wp-block-button__link has-raft-fg-alt-color has-custom-couleur-3-background-color has-text-color has-background wp-element-button\" href=\"https:\/\/puppy-care.fr\/index.php\/contact-page\/\">Me contacter<\/a><\/div>\n<\/div>\n<\/div>\n<\/div>\n<\/div>\n<\/div>\n<\/div>\n<\/div>\n\n\n\n<div class=\"wp-block-group alignfull has-raft-fg-alt-color has-custom-couleur-2-background-color has-text-color has-background has-link-color wp-elements-03006a241b6a075a7b30a4f828dc31ee is-layout-flow wp-container-core-group-is-layout-eca791dc wp-block-group-is-layout-flow\" style=\"margin-top:0;margin-bottom:0;padding-top:var(--wp--preset--spacing--80);padding-right:var(--wp--preset--spacing--40);padding-bottom:var(--wp--preset--spacing--80);padding-left:var(--wp--preset--spacing--40)\">\n<div class=\"wp-block-columns alignwide is-layout-flex wp-container-core-columns-is-layout-08c01c1c wp-block-columns-is-layout-flex\">\n<div class=\"wp-block-column is-layout-flow wp-container-core-column-is-layout-1854fbe9 wp-block-column-is-layout-flow\" style=\"border-top-style:none;border-top-width:0px;border-right-style:none;border-right-width:0px;border-bottom-style:none;border-bottom-width:0px;border-left-width:4px;padding-left:var(--wp--preset--spacing--40)\">\n<h3 class=\"wp-block-heading has-text-align-left has-medium-font-size\">PREVISITE OBLIGATOIRE<\/h3>\n\n\n\n<p class=\"has-text-align-left\">La pr\u00e9visite est essentielle pour comprendre parfaitement les besoins de votre animal et pour \u00e9tablir une relation de confiance d\u00e8s le d\u00e9but.<\/p>\n<\/div>\n\n\n\n<div class=\"wp-block-column is-layout-flow wp-container-core-column-is-layout-1854fbe9 wp-block-column-is-layout-flow\" style=\"border-top-style:none;border-top-width:0px;border-right-style:none;border-right-width:0px;border-bottom-style:none;border-bottom-width:0px;border-left-width:4px;padding-left:var(--wp--preset--spacing--40)\">\n<h3 class=\"wp-block-heading has-text-align-left has-medium-font-size\">ADAPTATION AU BESOIN<\/h3>\n\n\n\n<p class=\"has-text-align-left\">Je m&rsquo;adapte aux besoins sp\u00e9cifiques de chaque animal, en personnalisant mes soins pour garantir leur confort, leur bien-\u00eatre et leur bonheur, tout en respectant leurs habitudes et leurs pr\u00e9f\u00e9rences.<\/p>\n<\/div>\n\n\n\n<div class=\"wp-block-column is-layout-flow wp-container-core-column-is-layout-1854fbe9 wp-block-column-is-layout-flow\" style=\"border-top-style:none;border-top-width:0px;border-right-style:none;border-right-width:0px;border-bottom-style:none;border-bottom-width:0px;border-left-width:4px;padding-left:var(--wp--preset--spacing--40)\">\n<h3 class=\"wp-block-heading has-text-align-left has-medium-font-size\">GARDES PROLONGEES<\/h3>\n\n\n\n<p class=\"has-text-align-left\">Pour les absences prolong\u00e9es, je propose des services de garde complets, incluant des promenades r\u00e9guli\u00e8res, des moments de jeu et de c\u00e2lins, ainsi qu&rsquo;une surveillance attentive pour garantir que vos animaux re\u00e7oivent toute l&rsquo;attention, les soins et l&rsquo;affection dont ils ont besoin.<\/p>\n<\/div>\n<\/div>\n<\/div>\n","protected":false},"excerpt":{"rendered":"<p>TARIFS VISITES Je me d\u00e9place chez vous pour m&rsquo;occuper de vos animaux, en veillant \u00e0 leur bien-\u00eatre, leur alimentation et leur amusement avec beaucoup d&rsquo;attention et de tendresse. Si plus de 2 animaux -&gt; 3\u20ac\/animaux LA DIXIEME OFFERTE 15 min 9\u20ac 30 min 13\u20ac 1h 20\u20ac PREVISITE OBLIGATOIRE La pr\u00e9visite est essentielle pour comprendre parfaitement [&hellip;]<\/p>\n","protected":false},"author":1,"featured_media":0,"parent":0,"menu_order":0,"comment_status":"closed","ping_status":"closed","template":"","meta":{"_themeisle_gutenberg_block_has_review":false,"footnotes":""},"class_list":["post-566","page","type-page","status-publish","hentry"],"yoast_head":"<!-- This site is optimized with the Yoast SEO plugin v26.0 - https:\/\/yoast.com\/wordpress\/plugins\/seo\/ -->\n<title>TARIFS CHATS - Puppy Care<\/title>\n<meta name=\"robots\" content=\"index, follow, max-snippet:-1, max-image-preview:large, max-video-preview:-1\" \/>\n<link rel=\"canonical\" href=\"https:\/\/puppy-care.fr\/index.php\/tarifs-chats\/\" \/>\n<meta property=\"og:locale\" content=\"fr_FR\" \/>\n<meta property=\"og:type\" content=\"article\" \/>\n<meta property=\"og:title\" content=\"TARIFS CHATS - Puppy Care\" \/>\n<meta property=\"og:description\" content=\"TARIFS VISITES Je me d\u00e9place chez vous pour m&rsquo;occuper de vos animaux, en veillant \u00e0 leur bien-\u00eatre, leur alimentation et leur amusement avec beaucoup d&rsquo;attention et de tendresse. Si plus de 2 animaux -&gt; 3\u20ac\/animaux LA DIXIEME OFFERTE 15 min 9\u20ac 30 min 13\u20ac 1h 20\u20ac PREVISITE OBLIGATOIRE La pr\u00e9visite est essentielle pour comprendre parfaitement [&hellip;]\" \/>\n<meta property=\"og:url\" content=\"https:\/\/puppy-care.fr\/index.php\/tarifs-chats\/\" \/>\n<meta property=\"og:site_name\" content=\"Puppy Care\" \/>\n<meta property=\"article:modified_time\" content=\"2024-05-20T20:23:27+00:00\" \/>\n<meta property=\"og:image\" content=\"http:\/\/puppy-care.fr\/wp-content\/uploads\/2024\/05\/Design-sans-titre-7.png\" \/>\n<meta name=\"twitter:card\" content=\"summary_large_image\" \/>\n<meta name=\"twitter:label1\" content=\"Dur\u00e9e de lecture estim\u00e9e\" \/>\n\t<meta name=\"twitter:data1\" content=\"2 minutes\" \/>\n<script type=\"application\/ld+json\" class=\"yoast-schema-graph\">{\"@context\":\"https:\/\/schema.org\",\"@graph\":[{\"@type\":\"WebPage\",\"@id\":\"https:\/\/puppy-care.fr\/index.php\/tarifs-chats\/\",\"url\":\"https:\/\/puppy-care.fr\/index.php\/tarifs-chats\/\",\"name\":\"TARIFS CHATS - Puppy Care\",\"isPartOf\":{\"@id\":\"https:\/\/puppy-care.fr\/#website\"},\"primaryImageOfPage\":{\"@id\":\"https:\/\/puppy-care.fr\/index.php\/tarifs-chats\/#primaryimage\"},\"image\":{\"@id\":\"https:\/\/puppy-care.fr\/index.php\/tarifs-chats\/#primaryimage\"},\"thumbnailUrl\":\"http:\/\/puppy-care.fr\/wp-content\/uploads\/2024\/05\/Design-sans-titre-7.png\",\"datePublished\":\"2024-05-20T20:18:27+00:00\",\"dateModified\":\"2024-05-20T20:23:27+00:00\",\"breadcrumb\":{\"@id\":\"https:\/\/puppy-care.fr\/index.php\/tarifs-chats\/#breadcrumb\"},\"inLanguage\":\"fr-FR\",\"potentialAction\":[{\"@type\":\"ReadAction\",\"target\":[\"https:\/\/puppy-care.fr\/index.php\/tarifs-chats\/\"]}]},{\"@type\":\"ImageObject\",\"inLanguage\":\"fr-FR\",\"@id\":\"https:\/\/puppy-care.fr\/index.php\/tarifs-chats\/#primaryimage\",\"url\":\"https:\/\/puppy-care.fr\/wp-content\/uploads\/2024\/05\/Design-sans-titre-7.png\",\"contentUrl\":\"https:\/\/puppy-care.fr\/wp-content\/uploads\/2024\/05\/Design-sans-titre-7.png\",\"width\":2560,\"height\":1280},{\"@type\":\"BreadcrumbList\",\"@id\":\"https:\/\/puppy-care.fr\/index.php\/tarifs-chats\/#breadcrumb\",\"itemListElement\":[{\"@type\":\"ListItem\",\"position\":1,\"name\":\"Accueil\",\"item\":\"https:\/\/puppy-care.fr\/\"},{\"@type\":\"ListItem\",\"position\":2,\"name\":\"TARIFS CHATS\"}]},{\"@type\":\"WebSite\",\"@id\":\"https:\/\/puppy-care.fr\/#website\",\"url\":\"https:\/\/puppy-care.fr\/\",\"name\":\"Puppy Care\",\"description\":\"Garde d&#039;animaux - Floirac\",\"publisher\":{\"@id\":\"https:\/\/puppy-care.fr\/#organization\"},\"potentialAction\":[{\"@type\":\"SearchAction\",\"target\":{\"@type\":\"EntryPoint\",\"urlTemplate\":\"https:\/\/puppy-care.fr\/?s={search_term_string}\"},\"query-input\":{\"@type\":\"PropertyValueSpecification\",\"valueRequired\":true,\"valueName\":\"search_term_string\"}}],\"inLanguage\":\"fr-FR\"},{\"@type\":\"Organization\",\"@id\":\"https:\/\/puppy-care.fr\/#organization\",\"name\":\"Puppy Care\",\"url\":\"https:\/\/puppy-care.fr\/\",\"logo\":{\"@type\":\"ImageObject\",\"inLanguage\":\"fr-FR\",\"@id\":\"https:\/\/puppy-care.fr\/#\/schema\/logo\/image\/\",\"url\":\"https:\/\/puppy-care.fr\/wp-content\/uploads\/2024\/05\/logo-new-2.svg\",\"contentUrl\":\"https:\/\/puppy-care.fr\/wp-content\/uploads\/2024\/05\/logo-new-2.svg\",\"width\":500,\"height\":500,\"caption\":\"Puppy Care\"},\"image\":{\"@id\":\"https:\/\/puppy-care.fr\/#\/schema\/logo\/image\/\"}}]}<\/script>\n<!-- \/ Yoast SEO plugin. -->","yoast_head_json":{"title":"TARIFS CHATS - Puppy Care","robots":{"index":"index","follow":"follow","max-snippet":"max-snippet:-1","max-image-preview":"max-image-preview:large","max-video-preview":"max-video-preview:-1"},"canonical":"https:\/\/puppy-care.fr\/index.php\/tarifs-chats\/","og_locale":"fr_FR","og_type":"article","og_title":"TARIFS CHATS - Puppy Care","og_description":"TARIFS VISITES Je me d\u00e9place chez vous pour m&rsquo;occuper de vos animaux, en veillant \u00e0 leur bien-\u00eatre, leur alimentation et leur amusement avec beaucoup d&rsquo;attention et de tendresse. Si plus de 2 animaux -&gt; 3\u20ac\/animaux LA DIXIEME OFFERTE 15 min 9\u20ac 30 min 13\u20ac 1h 20\u20ac PREVISITE OBLIGATOIRE La pr\u00e9visite est essentielle pour comprendre parfaitement [&hellip;]","og_url":"https:\/\/puppy-care.fr\/index.php\/tarifs-chats\/","og_site_name":"Puppy Care","article_modified_time":"2024-05-20T20:23:27+00:00","og_image":[{"url":"http:\/\/puppy-care.fr\/wp-content\/uploads\/2024\/05\/Design-sans-titre-7.png","type":"","width":"","height":""}],"twitter_card":"summary_large_image","twitter_misc":{"Dur\u00e9e de lecture estim\u00e9e":"2 minutes"},"schema":{"@context":"https:\/\/schema.org","@graph":[{"@type":"WebPage","@id":"https:\/\/puppy-care.fr\/index.php\/tarifs-chats\/","url":"https:\/\/puppy-care.fr\/index.php\/tarifs-chats\/","name":"TARIFS CHATS - Puppy Care","isPartOf":{"@id":"https:\/\/puppy-care.fr\/#website"},"primaryImageOfPage":{"@id":"https:\/\/puppy-care.fr\/index.php\/tarifs-chats\/#primaryimage"},"image":{"@id":"https:\/\/puppy-care.fr\/index.php\/tarifs-chats\/#primaryimage"},"thumbnailUrl":"http:\/\/puppy-care.fr\/wp-content\/uploads\/2024\/05\/Design-sans-titre-7.png","datePublished":"2024-05-20T20:18:27+00:00","dateModified":"2024-05-20T20:23:27+00:00","breadcrumb":{"@id":"https:\/\/puppy-care.fr\/index.php\/tarifs-chats\/#breadcrumb"},"inLanguage":"fr-FR","potentialAction":[{"@type":"ReadAction","target":["https:\/\/puppy-care.fr\/index.php\/tarifs-chats\/"]}]},{"@type":"ImageObject","inLanguage":"fr-FR","@id":"https:\/\/puppy-care.fr\/index.php\/tarifs-chats\/#primaryimage","url":"https:\/\/puppy-care.fr\/wp-content\/uploads\/2024\/05\/Design-sans-titre-7.png","contentUrl":"https:\/\/puppy-care.fr\/wp-content\/uploads\/2024\/05\/Design-sans-titre-7.png","width":2560,"height":1280},{"@type":"BreadcrumbList","@id":"https:\/\/puppy-care.fr\/index.php\/tarifs-chats\/#breadcrumb","itemListElement":[{"@type":"ListItem","position":1,"name":"Accueil","item":"https:\/\/puppy-care.fr\/"},{"@type":"ListItem","position":2,"name":"TARIFS CHATS"}]},{"@type":"WebSite","@id":"https:\/\/puppy-care.fr\/#website","url":"https:\/\/puppy-care.fr\/","name":"Puppy Care","description":"Garde d&#039;animaux - Floirac","publisher":{"@id":"https:\/\/puppy-care.fr\/#organization"},"potentialAction":[{"@type":"SearchAction","target":{"@type":"EntryPoint","urlTemplate":"https:\/\/puppy-care.fr\/?s={search_term_string}"},"query-input":{"@type":"PropertyValueSpecification","valueRequired":true,"valueName":"search_term_string"}}],"inLanguage":"fr-FR"},{"@type":"Organization","@id":"https:\/\/puppy-care.fr\/#organization","name":"Puppy Care","url":"https:\/\/puppy-care.fr\/","logo":{"@type":"ImageObject","inLanguage":"fr-FR","@id":"https:\/\/puppy-care.fr\/#\/schema\/logo\/image\/","url":"https:\/\/puppy-care.fr\/wp-content\/uploads\/2024\/05\/logo-new-2.svg","contentUrl":"https:\/\/puppy-care.fr\/wp-content\/uploads\/2024\/05\/logo-new-2.svg","width":500,"height":500,"caption":"Puppy Care"},"image":{"@id":"https:\/\/puppy-care.fr\/#\/schema\/logo\/image\/"}}]}},"_links":{"self":[{"href":"https:\/\/puppy-care.fr\/index.php\/wp-json\/wp\/v2\/pages\/566","targetHints":{"allow":["GET"]}}],"collection":[{"href":"https:\/\/puppy-care.fr\/index.php\/wp-json\/wp\/v2\/pages"}],"about":[{"href":"https:\/\/puppy-care.fr\/index.php\/wp-json\/wp\/v2\/types\/page"}],"author":[{"embeddable":true,"href":"https:\/\/puppy-care.fr\/index.php\/wp-json\/wp\/v2\/users\/1"}],"replies":[{"embeddable":true,"href":"https:\/\/puppy-care.fr\/index.php\/wp-json\/wp\/v2\/comments?post=566"}],"version-history":[{"count":3,"href":"https:\/\/puppy-care.fr\/index.php\/wp-json\/wp\/v2\/pages\/566\/revisions"}],"predecessor-version":[{"id":571,"href":"https:\/\/puppy-care.fr\/index.php\/wp-json\/wp\/v2\/pages\/566\/revisions\/571"}],"wp:attachment":[{"href":"https:\/\/puppy-care.fr\/index.php\/wp-json\/wp\/v2\/media?parent=566"}],"curies":[{"name":"wp","href":"https:\/\/api.w.org\/{rel}","templated":true}]}}