{"id":22,"date":"2024-04-11T21:31:47","date_gmt":"2024-04-11T19:31:47","guid":{"rendered":"https:\/\/puppy-care.fr\/index.php\/contact-page\/"},"modified":"2024-05-20T16:48:33","modified_gmt":"2024-05-20T14:48:33","slug":"contact-page","status":"publish","type":"page","link":"https:\/\/puppy-care.fr\/index.php\/contact-page\/","title":{"rendered":"Contacts"},"content":{"rendered":"\n<div class=\"wp-block-group alignfull has-raft-bg-alt-background-color has-background is-layout-constrained wp-container-core-group-is-layout-ca21e7af wp-block-group-is-layout-constrained\" style=\"margin-top:0;margin-bottom:0;padding-top:var(--wp--preset--spacing--80);padding-right:var(--wp--preset--spacing--40);padding-bottom:var(--wp--preset--spacing--80);padding-left:var(--wp--preset--spacing--40)\">\n<h1 class=\"wp-block-heading alignwide has-text-align-center has-custom-couleur-2-color has-text-color has-link-color wp-elements-5788902ca3ef63ab4bf8928f88db2106\">FORMULAIRE DE CONTACT<\/h1>\n<\/div>\n\n\n\n<div class=\"wp-block-group alignfull is-layout-constrained wp-container-core-group-is-layout-cf815ef3 wp-block-group-is-layout-constrained\" style=\"margin-top:0px;margin-bottom:0px;padding-top:var(--wp--preset--spacing--80);padding-right:var(--wp--preset--spacing--40);padding-bottom:var(--wp--preset--spacing--80);padding-left:var(--wp--preset--spacing--40)\">\n<div class=\"wp-block-group is-layout-constrained wp-block-group-is-layout-constrained\">\n<div class=\"wp-block-contact-form-7-contact-form-selector\">\n<div class=\"wpcf7 no-js\" id=\"wpcf7-f69-o1\" lang=\"fr-FR\" dir=\"ltr\" data-wpcf7-id=\"69\">\n<div class=\"screen-reader-response\"><p role=\"status\" aria-live=\"polite\" aria-atomic=\"true\"><\/p> <ul><\/ul><\/div>\n<form action=\"\/index.php\/wp-json\/wp\/v2\/pages\/22#wpcf7-f69-o1\" method=\"post\" class=\"wpcf7-form init\" aria-label=\"Formulaire de contact\" novalidate=\"novalidate\" data-status=\"init\">\n<fieldset class=\"hidden-fields-container\"><input type=\"hidden\" name=\"_wpcf7\" value=\"69\" \/><input type=\"hidden\" name=\"_wpcf7_version\" value=\"6.1.2\" \/><input type=\"hidden\" name=\"_wpcf7_locale\" value=\"fr_FR\" \/><input type=\"hidden\" name=\"_wpcf7_unit_tag\" value=\"wpcf7-f69-o1\" \/><input type=\"hidden\" name=\"_wpcf7_container_post\" value=\"0\" \/><input type=\"hidden\" name=\"_wpcf7_posted_data_hash\" value=\"\" \/>\n<\/fieldset>\n<p><label> Votre nom<br \/>\n<span class=\"wpcf7-form-control-wrap\" data-name=\"your-name\"><input size=\"40\" maxlength=\"400\" class=\"wpcf7-form-control wpcf7-text wpcf7-validates-as-required\" autocomplete=\"name\" aria-required=\"true\" aria-invalid=\"false\" value=\"\" type=\"text\" name=\"your-name\" \/><\/span> <\/label>\n<\/p>\n<p><label> Votre num\u00e9ro<br \/>\n<span class=\"wpcf7-form-control-wrap\" data-name=\"your-number\"><input size=\"40\" maxlength=\"400\" class=\"wpcf7-form-control wpcf7-text wpcf7-validates-as-required\" autocomplete=\"name\" aria-required=\"true\" aria-invalid=\"false\" value=\"\" type=\"text\" name=\"your-number\" \/><\/span> <\/label>\n<\/p>\n<p><label> Votre e-mail<br \/>\n<span class=\"wpcf7-form-control-wrap\" data-name=\"your-email\"><input size=\"40\" maxlength=\"400\" class=\"wpcf7-form-control wpcf7-email wpcf7-validates-as-required wpcf7-text wpcf7-validates-as-email\" autocomplete=\"email\" aria-required=\"true\" aria-invalid=\"false\" value=\"\" type=\"email\" name=\"your-email\" \/><\/span> <\/label>\n<\/p>\n<p><label> Objet<br \/>\n<span class=\"wpcf7-form-control-wrap\" data-name=\"your-subject\"><input size=\"40\" maxlength=\"400\" class=\"wpcf7-form-control wpcf7-text wpcf7-validates-as-required\" aria-required=\"true\" aria-invalid=\"false\" value=\"\" type=\"text\" name=\"your-subject\" \/><\/span> <\/label>\n<\/p>\n<p><label> Votre message (facultatif)<br \/>\n<span class=\"wpcf7-form-control-wrap\" data-name=\"your-message\"><textarea cols=\"40\" rows=\"10\" maxlength=\"2000\" class=\"wpcf7-form-control wpcf7-textarea\" aria-invalid=\"false\" name=\"your-message\"><\/textarea><\/span> <\/label>\n<\/p>\n<p><input class=\"wpcf7-form-control wpcf7-submit has-spinner\" type=\"submit\" value=\"Envoyer\" \/>\n<\/p><div class=\"wpcf7-response-output\" aria-hidden=\"true\"><\/div>\n<\/form>\n<\/div>\n<\/div>\n<\/div>\n\n\n\n<div class=\"wp-block-group alignwide is-layout-flow wp-container-core-group-is-layout-08d096aa wp-block-group-is-layout-flow\">\n<div class=\"wp-block-group is-layout-constrained wp-block-group-is-layout-constrained\">\n<figure class=\"wp-block-image alignwide size-large\"><img fetchpriority=\"high\" decoding=\"async\" width=\"1024\" height=\"683\" src=\"https:\/\/puppy-care.fr\/wp-content\/uploads\/2024\/04\/pexels-ivan-babydov-7788657-1024x683.jpg\" alt=\"amour pour les animaux et beinveillance\" class=\"wp-image-72\" srcset=\"https:\/\/puppy-care.fr\/wp-content\/uploads\/2024\/04\/pexels-ivan-babydov-7788657-1024x683.jpg 1024w, https:\/\/puppy-care.fr\/wp-content\/uploads\/2024\/04\/pexels-ivan-babydov-7788657-300x200.jpg 300w, https:\/\/puppy-care.fr\/wp-content\/uploads\/2024\/04\/pexels-ivan-babydov-7788657-768x512.jpg 768w, https:\/\/puppy-care.fr\/wp-content\/uploads\/2024\/04\/pexels-ivan-babydov-7788657-1536x1024.jpg 1536w, https:\/\/puppy-care.fr\/wp-content\/uploads\/2024\/04\/pexels-ivan-babydov-7788657-2048x1366.jpg 2048w\" sizes=\"(max-width: 1024px) 100vw, 1024px\" \/><\/figure>\n<\/div>\n\n\n\n<div class=\"wp-block-group alignfull is-layout-constrained wp-container-core-group-is-layout-4df73788 wp-block-group-is-layout-constrained\" style=\"padding-top:0;padding-right:0;padding-bottom:0;padding-left:0\">\n<div class=\"wp-block-group alignwide is-layout-flow wp-block-group-is-layout-flow\">\n<div class=\"wp-block-columns is-layout-flex wp-container-core-columns-is-layout-28f84493 wp-block-columns-is-layout-flex\">\n<div class=\"wp-block-column is-vertically-aligned-top has-raft-bg-alt-background-color has-background is-layout-flow wp-block-column-is-layout-flow\" style=\"padding-top:var(--wp--preset--spacing--60);padding-right:var(--wp--preset--spacing--60);padding-bottom:var(--wp--preset--spacing--60);padding-left:var(--wp--preset--spacing--60)\">\n<div class=\"wp-block-group is-content-justification-left is-layout-constrained wp-container-core-group-is-layout-4aa91cc0 wp-block-group-is-layout-constrained\">\n<div class=\"wp-block-group is-content-justification-space-between is-layout-flex wp-container-core-group-is-layout-ceead2e9 wp-block-group-is-layout-flex\">\n<p class=\"has-small-font-size\" style=\"font-style:normal;font-weight:600;letter-spacing:2px;text-transform:uppercase\">Email<\/p>\n\n\n\n<p>puppycare.bordeaux@gmail.com<\/p>\n<\/div>\n\n\n\n<hr class=\"wp-block-separator has-text-color has-raft-accent-secondary-color has-alpha-channel-opacity has-raft-accent-secondary-background-color has-background\"\/>\n\n\n\n<div class=\"wp-block-group is-content-justification-space-between is-layout-flex wp-container-core-group-is-layout-ceead2e9 wp-block-group-is-layout-flex\">\n<p class=\"has-small-font-size\" style=\"font-style:normal;font-weight:600;letter-spacing:2px;text-transform:uppercase\">T\u00e9l\u00e9phone<\/p>\n\n\n\n<p>06 25 76 37 75<\/p>\n<\/div>\n\n\n\n<hr class=\"wp-block-separator has-text-color has-raft-accent-secondary-color has-alpha-channel-opacity has-raft-accent-secondary-background-color has-background\"\/>\n\n\n\n<div class=\"wp-block-group is-content-justification-space-between is-layout-flex wp-container-core-group-is-layout-ceead2e9 wp-block-group-is-layout-flex\">\n<p class=\"has-small-font-size\" style=\"font-style:normal;font-weight:600;letter-spacing:2px;text-transform:uppercase\">secteurs<\/p>\n\n\n\n<p>BORDEAUX RIVE DROITE<\/p>\n<\/div>\n<\/div>\n<\/div>\n<\/div>\n<\/div>\n<\/div>\n<\/div>\n<\/div>\n\n\n\n<div class=\"wp-block-group alignfull has-raft-fg-alt-color has-raft-bg-alt-background-color has-text-color has-background is-layout-constrained wp-container-core-group-is-layout-c2b63da3 wp-block-group-is-layout-constrained\" style=\"margin-top:0px;margin-bottom:0px;padding-top:var(--wp--preset--spacing--80);padding-right:var(--wp--preset--spacing--40);padding-bottom:var(--wp--preset--spacing--80);padding-left:var(--wp--preset--spacing--40)\">\n<div class=\"wp-block-group alignwide is-layout-flow wp-block-group-is-layout-flow\">\n<div class=\"wp-block-columns is-layout-flex wp-container-core-columns-is-layout-28f84493 wp-block-columns-is-layout-flex\">\n<div class=\"wp-block-column is-layout-flow wp-block-column-is-layout-flow\" style=\"flex-basis:30%\">\n<h2 class=\"wp-block-heading has-custom-couleur-2-color has-text-color has-link-color wp-elements-661b1b1edbb90baa536e073e9d2f4726\">MES RENCONTRES<\/h2>\n\n\n\n<p class=\"has-raft-fg-color has-text-color has-link-color wp-elements-a59081e28eeb6d867c8959d862cbc5a9\">Quelques souvenirs grav\u00e9s !<\/p>\n<\/div>\n\n\n\n<div class=\"wp-block-column is-layout-flow wp-block-column-is-layout-flow\" style=\"flex-basis:70%\">\n<figure class=\"wp-block-gallery has-nested-images columns-default is-cropped wp-block-gallery-1 is-layout-flex wp-block-gallery-is-layout-flex\">\n<figure class=\"wp-block-image size-large\"><img decoding=\"async\" width=\"1024\" height=\"1024\" data-id=\"80\" src=\"https:\/\/puppy-care.fr\/wp-content\/uploads\/2024\/04\/F1C60C72-CD2B-4810-952E-BE4EA1AD85AC-1024x1024.jpg\" alt=\"\" class=\"wp-image-80\" srcset=\"https:\/\/puppy-care.fr\/wp-content\/uploads\/2024\/04\/F1C60C72-CD2B-4810-952E-BE4EA1AD85AC-1024x1024.jpg 1024w, https:\/\/puppy-care.fr\/wp-content\/uploads\/2024\/04\/F1C60C72-CD2B-4810-952E-BE4EA1AD85AC-300x300.jpg 300w, https:\/\/puppy-care.fr\/wp-content\/uploads\/2024\/04\/F1C60C72-CD2B-4810-952E-BE4EA1AD85AC-150x150.jpg 150w, https:\/\/puppy-care.fr\/wp-content\/uploads\/2024\/04\/F1C60C72-CD2B-4810-952E-BE4EA1AD85AC-768x767.jpg 768w, https:\/\/puppy-care.fr\/wp-content\/uploads\/2024\/04\/F1C60C72-CD2B-4810-952E-BE4EA1AD85AC.jpg 1201w\" sizes=\"(max-width: 1024px) 100vw, 1024px\" \/><\/figure>\n\n\n\n<figure class=\"wp-block-image size-large\"><img decoding=\"async\" width=\"768\" height=\"1024\" data-id=\"84\" src=\"https:\/\/puppy-care.fr\/wp-content\/uploads\/2024\/04\/099c004b-6af0-4879-a3ce-ba37f8eac62c-1-768x1024.jpg\" alt=\"\" class=\"wp-image-84\" srcset=\"https:\/\/puppy-care.fr\/wp-content\/uploads\/2024\/04\/099c004b-6af0-4879-a3ce-ba37f8eac62c-1-768x1024.jpg 768w, https:\/\/puppy-care.fr\/wp-content\/uploads\/2024\/04\/099c004b-6af0-4879-a3ce-ba37f8eac62c-1-225x300.jpg 225w, https:\/\/puppy-care.fr\/wp-content\/uploads\/2024\/04\/099c004b-6af0-4879-a3ce-ba37f8eac62c-1-1152x1536.jpg 1152w, https:\/\/puppy-care.fr\/wp-content\/uploads\/2024\/04\/099c004b-6af0-4879-a3ce-ba37f8eac62c-1.jpg 1200w\" sizes=\"(max-width: 768px) 100vw, 768px\" \/><\/figure>\n\n\n\n<figure class=\"wp-block-image size-large\"><img loading=\"lazy\" decoding=\"async\" width=\"735\" height=\"1024\" data-id=\"85\" src=\"https:\/\/puppy-care.fr\/wp-content\/uploads\/2024\/04\/21249DCA-6640-4EA3-A867-2C500709037D-1-735x1024.jpg\" alt=\"\" class=\"wp-image-85\" srcset=\"https:\/\/puppy-care.fr\/wp-content\/uploads\/2024\/04\/21249DCA-6640-4EA3-A867-2C500709037D-1-735x1024.jpg 735w, https:\/\/puppy-care.fr\/wp-content\/uploads\/2024\/04\/21249DCA-6640-4EA3-A867-2C500709037D-1-215x300.jpg 215w, https:\/\/puppy-care.fr\/wp-content\/uploads\/2024\/04\/21249DCA-6640-4EA3-A867-2C500709037D-1-768x1070.jpg 768w, https:\/\/puppy-care.fr\/wp-content\/uploads\/2024\/04\/21249DCA-6640-4EA3-A867-2C500709037D-1.jpg 791w\" sizes=\"(max-width: 735px) 100vw, 735px\" \/><\/figure>\n\n\n\n<figure class=\"wp-block-image size-large\"><img loading=\"lazy\" decoding=\"async\" width=\"963\" height=\"1024\" data-id=\"77\" src=\"https:\/\/puppy-care.fr\/wp-content\/uploads\/2024\/04\/IMG_4918-963x1024.jpg\" alt=\"\" class=\"wp-image-77\" srcset=\"https:\/\/puppy-care.fr\/wp-content\/uploads\/2024\/04\/IMG_4918-963x1024.jpg 963w, https:\/\/puppy-care.fr\/wp-content\/uploads\/2024\/04\/IMG_4918-282x300.jpg 282w, https:\/\/puppy-care.fr\/wp-content\/uploads\/2024\/04\/IMG_4918-768x817.jpg 768w, https:\/\/puppy-care.fr\/wp-content\/uploads\/2024\/04\/IMG_4918-1444x1536.jpg 1444w, https:\/\/puppy-care.fr\/wp-content\/uploads\/2024\/04\/IMG_4918-1926x2048.jpg 1926w\" sizes=\"(max-width: 963px) 100vw, 963px\" \/><\/figure>\n\n\n\n<figure class=\"wp-block-image size-large\"><img loading=\"lazy\" decoding=\"async\" width=\"549\" height=\"1189\" data-id=\"86\" src=\"https:\/\/puppy-care.fr\/wp-content\/uploads\/2024\/04\/IMG_6602-1-edited.png\" alt=\"\" class=\"wp-image-86\" srcset=\"https:\/\/puppy-care.fr\/wp-content\/uploads\/2024\/04\/IMG_6602-1-edited.png 549w, https:\/\/puppy-care.fr\/wp-content\/uploads\/2024\/04\/IMG_6602-1-edited-139x300.png 139w, https:\/\/puppy-care.fr\/wp-content\/uploads\/2024\/04\/IMG_6602-1-edited-473x1024.png 473w\" sizes=\"(max-width: 549px) 100vw, 549px\" \/><\/figure>\n<\/figure>\n<\/div>\n<\/div>\n<\/div>\n<\/div>\n\n\n","protected":false},"excerpt":{"rendered":"<p>FORMULAIRE DE CONTACT Email puppycare.bordeaux@gmail.com T\u00e9l\u00e9phone 06 25 76 37 75 secteurs BORDEAUX RIVE DROITE MES RENCONTRES Quelques souvenirs grav\u00e9s !<\/p>\n","protected":false},"author":1,"featured_media":0,"parent":0,"menu_order":0,"comment_status":"closed","ping_status":"closed","template":"template-plain","meta":{"_themeisle_gutenberg_block_has_review":false,"footnotes":""},"class_list":["post-22","page","type-page","status-publish","hentry"],"yoast_head":"<!-- This site is optimized with the Yoast SEO plugin v26.0 - https:\/\/yoast.com\/wordpress\/plugins\/seo\/ -->\n<title>Contacts - Puppy Care<\/title>\n<meta name=\"description\" content=\"Je suis l\u00e0 pour r\u00e9pondre \u00e0 vos besoins en mati\u00e8re de garde d&#039;animaux et vous offrir le meilleur service possible sur le secteur Bordeaux Rive Droite.\" \/>\n<meta name=\"robots\" content=\"index, follow, max-snippet:-1, max-image-preview:large, max-video-preview:-1\" \/>\n<link rel=\"canonical\" href=\"https:\/\/puppy-care.fr\/index.php\/contact-page\/\" \/>\n<meta property=\"og:locale\" content=\"fr_FR\" \/>\n<meta property=\"og:type\" content=\"article\" \/>\n<meta property=\"og:title\" content=\"Contacts - Puppy Care\" \/>\n<meta property=\"og:description\" content=\"Je suis l\u00e0 pour r\u00e9pondre \u00e0 vos besoins en mati\u00e8re de garde d&#039;animaux et vous offrir le meilleur service possible sur le secteur Bordeaux Rive Droite.\" \/>\n<meta property=\"og:url\" content=\"https:\/\/puppy-care.fr\/index.php\/contact-page\/\" \/>\n<meta property=\"og:site_name\" content=\"Puppy Care\" \/>\n<meta property=\"article:modified_time\" content=\"2024-05-20T14:48:33+00:00\" \/>\n<meta property=\"og:image\" content=\"https:\/\/puppy-care.fr\/wp-content\/uploads\/2024\/04\/pexels-ivan-babydov-7788657-1024x683.jpg\" \/>\n<meta name=\"twitter:card\" content=\"summary_large_image\" \/>\n<meta name=\"twitter:label1\" content=\"Dur\u00e9e de lecture estim\u00e9e\" \/>\n\t<meta name=\"twitter:data1\" content=\"2 minutes\" \/>\n<script type=\"application\/ld+json\" class=\"yoast-schema-graph\">{\"@context\":\"https:\/\/schema.org\",\"@graph\":[{\"@type\":\"WebPage\",\"@id\":\"https:\/\/puppy-care.fr\/index.php\/contact-page\/\",\"url\":\"https:\/\/puppy-care.fr\/index.php\/contact-page\/\",\"name\":\"Contacts - Puppy Care\",\"isPartOf\":{\"@id\":\"https:\/\/puppy-care.fr\/#website\"},\"primaryImageOfPage\":{\"@id\":\"https:\/\/puppy-care.fr\/index.php\/contact-page\/#primaryimage\"},\"image\":{\"@id\":\"https:\/\/puppy-care.fr\/index.php\/contact-page\/#primaryimage\"},\"thumbnailUrl\":\"https:\/\/puppy-care.fr\/wp-content\/uploads\/2024\/04\/pexels-ivan-babydov-7788657-1024x683.jpg\",\"datePublished\":\"2024-04-11T19:31:47+00:00\",\"dateModified\":\"2024-05-20T14:48:33+00:00\",\"description\":\"Je suis l\u00e0 pour r\u00e9pondre \u00e0 vos besoins en mati\u00e8re de garde d'animaux et vous offrir le meilleur service possible sur le secteur Bordeaux Rive Droite.\",\"breadcrumb\":{\"@id\":\"https:\/\/puppy-care.fr\/index.php\/contact-page\/#breadcrumb\"},\"inLanguage\":\"fr-FR\",\"potentialAction\":[{\"@type\":\"ReadAction\",\"target\":[\"https:\/\/puppy-care.fr\/index.php\/contact-page\/\"]}]},{\"@type\":\"ImageObject\",\"inLanguage\":\"fr-FR\",\"@id\":\"https:\/\/puppy-care.fr\/index.php\/contact-page\/#primaryimage\",\"url\":\"https:\/\/puppy-care.fr\/wp-content\/uploads\/2024\/04\/pexels-ivan-babydov-7788657-scaled.jpg\",\"contentUrl\":\"https:\/\/puppy-care.fr\/wp-content\/uploads\/2024\/04\/pexels-ivan-babydov-7788657-scaled.jpg\",\"width\":2560,\"height\":1707},{\"@type\":\"BreadcrumbList\",\"@id\":\"https:\/\/puppy-care.fr\/index.php\/contact-page\/#breadcrumb\",\"itemListElement\":[{\"@type\":\"ListItem\",\"position\":1,\"name\":\"Accueil\",\"item\":\"https:\/\/puppy-care.fr\/\"},{\"@type\":\"ListItem\",\"position\":2,\"name\":\"Contacts\"}]},{\"@type\":\"WebSite\",\"@id\":\"https:\/\/puppy-care.fr\/#website\",\"url\":\"https:\/\/puppy-care.fr\/\",\"name\":\"Puppy Care\",\"description\":\"Garde d&#039;animaux - Floirac\",\"publisher\":{\"@id\":\"https:\/\/puppy-care.fr\/#organization\"},\"potentialAction\":[{\"@type\":\"SearchAction\",\"target\":{\"@type\":\"EntryPoint\",\"urlTemplate\":\"https:\/\/puppy-care.fr\/?s={search_term_string}\"},\"query-input\":{\"@type\":\"PropertyValueSpecification\",\"valueRequired\":true,\"valueName\":\"search_term_string\"}}],\"inLanguage\":\"fr-FR\"},{\"@type\":\"Organization\",\"@id\":\"https:\/\/puppy-care.fr\/#organization\",\"name\":\"Puppy Care\",\"url\":\"https:\/\/puppy-care.fr\/\",\"logo\":{\"@type\":\"ImageObject\",\"inLanguage\":\"fr-FR\",\"@id\":\"https:\/\/puppy-care.fr\/#\/schema\/logo\/image\/\",\"url\":\"https:\/\/puppy-care.fr\/wp-content\/uploads\/2024\/05\/logo-new-2.svg\",\"contentUrl\":\"https:\/\/puppy-care.fr\/wp-content\/uploads\/2024\/05\/logo-new-2.svg\",\"width\":500,\"height\":500,\"caption\":\"Puppy Care\"},\"image\":{\"@id\":\"https:\/\/puppy-care.fr\/#\/schema\/logo\/image\/\"}}]}<\/script>\n<!-- \/ Yoast SEO plugin. -->","yoast_head_json":{"title":"Contacts - Puppy Care","description":"Je suis l\u00e0 pour r\u00e9pondre \u00e0 vos besoins en mati\u00e8re de garde d'animaux et vous offrir le meilleur service possible sur le secteur Bordeaux Rive Droite.","robots":{"index":"index","follow":"follow","max-snippet":"max-snippet:-1","max-image-preview":"max-image-preview:large","max-video-preview":"max-video-preview:-1"},"canonical":"https:\/\/puppy-care.fr\/index.php\/contact-page\/","og_locale":"fr_FR","og_type":"article","og_title":"Contacts - Puppy Care","og_description":"Je suis l\u00e0 pour r\u00e9pondre \u00e0 vos besoins en mati\u00e8re de garde d'animaux et vous offrir le meilleur service possible sur le secteur Bordeaux Rive Droite.","og_url":"https:\/\/puppy-care.fr\/index.php\/contact-page\/","og_site_name":"Puppy Care","article_modified_time":"2024-05-20T14:48:33+00:00","og_image":[{"url":"https:\/\/puppy-care.fr\/wp-content\/uploads\/2024\/04\/pexels-ivan-babydov-7788657-1024x683.jpg","type":"","width":"","height":""}],"twitter_card":"summary_large_image","twitter_misc":{"Dur\u00e9e de lecture estim\u00e9e":"2 minutes"},"schema":{"@context":"https:\/\/schema.org","@graph":[{"@type":"WebPage","@id":"https:\/\/puppy-care.fr\/index.php\/contact-page\/","url":"https:\/\/puppy-care.fr\/index.php\/contact-page\/","name":"Contacts - Puppy Care","isPartOf":{"@id":"https:\/\/puppy-care.fr\/#website"},"primaryImageOfPage":{"@id":"https:\/\/puppy-care.fr\/index.php\/contact-page\/#primaryimage"},"image":{"@id":"https:\/\/puppy-care.fr\/index.php\/contact-page\/#primaryimage"},"thumbnailUrl":"https:\/\/puppy-care.fr\/wp-content\/uploads\/2024\/04\/pexels-ivan-babydov-7788657-1024x683.jpg","datePublished":"2024-04-11T19:31:47+00:00","dateModified":"2024-05-20T14:48:33+00:00","description":"Je suis l\u00e0 pour r\u00e9pondre \u00e0 vos besoins en mati\u00e8re de garde d'animaux et vous offrir le meilleur service possible sur le secteur Bordeaux Rive Droite.","breadcrumb":{"@id":"https:\/\/puppy-care.fr\/index.php\/contact-page\/#breadcrumb"},"inLanguage":"fr-FR","potentialAction":[{"@type":"ReadAction","target":["https:\/\/puppy-care.fr\/index.php\/contact-page\/"]}]},{"@type":"ImageObject","inLanguage":"fr-FR","@id":"https:\/\/puppy-care.fr\/index.php\/contact-page\/#primaryimage","url":"https:\/\/puppy-care.fr\/wp-content\/uploads\/2024\/04\/pexels-ivan-babydov-7788657-scaled.jpg","contentUrl":"https:\/\/puppy-care.fr\/wp-content\/uploads\/2024\/04\/pexels-ivan-babydov-7788657-scaled.jpg","width":2560,"height":1707},{"@type":"BreadcrumbList","@id":"https:\/\/puppy-care.fr\/index.php\/contact-page\/#breadcrumb","itemListElement":[{"@type":"ListItem","position":1,"name":"Accueil","item":"https:\/\/puppy-care.fr\/"},{"@type":"ListItem","position":2,"name":"Contacts"}]},{"@type":"WebSite","@id":"https:\/\/puppy-care.fr\/#website","url":"https:\/\/puppy-care.fr\/","name":"Puppy Care","description":"Garde d&#039;animaux - Floirac","publisher":{"@id":"https:\/\/puppy-care.fr\/#organization"},"potentialAction":[{"@type":"SearchAction","target":{"@type":"EntryPoint","urlTemplate":"https:\/\/puppy-care.fr\/?s={search_term_string}"},"query-input":{"@type":"PropertyValueSpecification","valueRequired":true,"valueName":"search_term_string"}}],"inLanguage":"fr-FR"},{"@type":"Organization","@id":"https:\/\/puppy-care.fr\/#organization","name":"Puppy Care","url":"https:\/\/puppy-care.fr\/","logo":{"@type":"ImageObject","inLanguage":"fr-FR","@id":"https:\/\/puppy-care.fr\/#\/schema\/logo\/image\/","url":"https:\/\/puppy-care.fr\/wp-content\/uploads\/2024\/05\/logo-new-2.svg","contentUrl":"https:\/\/puppy-care.fr\/wp-content\/uploads\/2024\/05\/logo-new-2.svg","width":500,"height":500,"caption":"Puppy Care"},"image":{"@id":"https:\/\/puppy-care.fr\/#\/schema\/logo\/image\/"}}]}},"_links":{"self":[{"href":"https:\/\/puppy-care.fr\/index.php\/wp-json\/wp\/v2\/pages\/22","targetHints":{"allow":["GET"]}}],"collection":[{"href":"https:\/\/puppy-care.fr\/index.php\/wp-json\/wp\/v2\/pages"}],"about":[{"href":"https:\/\/puppy-care.fr\/index.php\/wp-json\/wp\/v2\/types\/page"}],"author":[{"embeddable":true,"href":"https:\/\/puppy-care.fr\/index.php\/wp-json\/wp\/v2\/users\/1"}],"replies":[{"embeddable":true,"href":"https:\/\/puppy-care.fr\/index.php\/wp-json\/wp\/v2\/comments?post=22"}],"version-history":[{"count":17,"href":"https:\/\/puppy-care.fr\/index.php\/wp-json\/wp\/v2\/pages\/22\/revisions"}],"predecessor-version":[{"id":491,"href":"https:\/\/puppy-care.fr\/index.php\/wp-json\/wp\/v2\/pages\/22\/revisions\/491"}],"wp:attachment":[{"href":"https:\/\/puppy-care.fr\/index.php\/wp-json\/wp\/v2\/media?parent=22"}],"curies":[{"name":"wp","href":"https:\/\/api.w.org\/{rel}","templated":true}]}}